{"id":53,"date":"2023-08-17T02:59:36","date_gmt":"2023-08-17T02:59:36","guid":{"rendered":"https:\/\/vitalinterior.com\/?page_id=53"},"modified":"2024-09-25T00:42:26","modified_gmt":"2024-09-25T00:42:26","slug":"constelaciones-familiares","status":"publish","type":"page","link":"https:\/\/vitalinterior.com\/index.php\/constelaciones-familiares\/","title":{"rendered":"Constelaciones Familiares"},"content":{"rendered":"\n<p><strong>\u00bfQu\u00e9 son?<\/strong><\/p>\n\n\n\n<p>Las constelaciones familiares son un m\u00e9todo desarrollado por <strong>Berth Hellinger<\/strong> mediante el cual podemos tener la oportunidad de trabajar aquello que actualmente se encuentra en nosotros de forma activa (consciente e inconsciente) y que se manifiesta como <strong>dolor, enojo, frustraci\u00f3n, confusi\u00f3n, abandono, rechazo, patrones que se repiten, adicciones, enfermedades, mal manejo del dinero, apat\u00eda, depresi\u00f3n; no poder cerrar apropiadamente ciclos, rupturas de pareja, etc.<\/strong><strong><\/strong><\/p>\n\n\n\n<p><strong><\/strong><strong>\u00bfQu\u00e9 beneficios me puede aportar?<\/strong><\/p>\n\n\n\n<p>Podemos hacer <strong>respetar<\/strong> nuestro lugar y el lugar de los dem\u00e1s; <strong>romper viejos patrones<\/strong>, <strong>procesar desde el amor nuestros duelos<\/strong>, <strong>conectar con nuestra fuerza interior adulta<\/strong> y dirigirnos hacia <strong>la vida, la felicidad y la armon\u00eda.<\/strong><\/p>\n","protected":false},"excerpt":{"rendered":"<p>\u00bfQu\u00e9 son? Las constelaciones familiares son un m\u00e9todo desarrollado por Berth Hellinger mediante el cual podemos tener la oportunidad de trabajar aquello que actualmente se &hellip;<\/p>\n","protected":false},"author":1,"featured_media":0,"parent":0,"menu_order":0,"comment_status":"closed","ping_status":"closed","template":"","meta":[],"_links":{"self":[{"href":"https:\/\/vitalinterior.com\/index.php\/wp-json\/wp\/v2\/pages\/53"}],"collection":[{"href":"https:\/\/vitalinterior.com\/index.php\/wp-json\/wp\/v2\/pages"}],"about":[{"href":"https:\/\/vitalinterior.com\/index.php\/wp-json\/wp\/v2\/types\/page"}],"author":[{"embeddable":true,"href":"https:\/\/vitalinterior.com\/index.php\/wp-json\/wp\/v2\/users\/1"}],"replies":[{"embeddable":true,"href":"https:\/\/vitalinterior.com\/index.php\/wp-json\/wp\/v2\/comments?post=53"}],"version-history":[{"count":3,"href":"https:\/\/vitalinterior.com\/index.php\/wp-json\/wp\/v2\/pages\/53\/revisions"}],"predecessor-version":[{"id":64,"href":"https:\/\/vitalinterior.com\/index.php\/wp-json\/wp\/v2\/pages\/53\/revisions\/64"}],"wp:attachment":[{"href":"https:\/\/vitalinterior.com\/index.php\/wp-json\/wp\/v2\/media?parent=53"}],"curies":[{"name":"wp","href":"https:\/\/api.w.org\/{rel}","templated":true}]}}